{"id":31,"date":"2015-06-12T14:43:28","date_gmt":"2015-06-12T14:43:28","guid":{"rendered":"http:\/\/reservadesanfelipe.com\/?page_id=31"},"modified":"2022-05-13T18:27:44","modified_gmt":"2022-05-13T18:27:44","slug":"noticias-y-eventos","status":"publish","type":"page","link":"https:\/\/reservadesanfelipe.com\/?page_id=31","title":{"rendered":"Noticias y Eventos"},"content":{"rendered":"<div id=\"4779\">\n\t<div id=\"gallery_bank_main_container_4779\" class=\"gallery_bank_main_container\">\n\t\t\t<style type=\"text\/css\">\n\t\t\t#gallery_bank_main_container_4779\t\t\t{\n\t\t\t\tdirection: ltr !important;\n\t\t\t}\n\t\t\t.gb-filter-holder_4779\t\t\t{\n\t\t\t\ttext-align: ;\n\t\t\t}\n\t\t@import url('https:\/\/fonts.googleapis.com\/css?family=Roboto+Slab%3A700');\r\n@import url('https:\/\/fonts.googleapis.com\/css?family=Roboto+Slab%3A300');\r\n@import url('https:\/\/fonts.googleapis.com\/css?family=Roboto+Slab%3A700');\r\n@import url('https:\/\/fonts.googleapis.com\/css?family=Roboto+Slab%3A300');\r\n\t\t\t\t\t#gallery_bank_main_container_4779\t\t\t\t\t{\n\t\t\t\t\t\twidth: 100% !important;\n\t\t\t\t\t\tmax-width: 805px !important;\n\t\t\t\t\tfloat: left !important;\t\t\t\t\t}\n\t\t\t\t\t#gallery_title_container_4779 h2\t\t\t\t\t{\n\t\t\t\t\t\tline-height: 1.7 !important;\n\t\t\t\t\t\ttext-align: left !important;\n\t\t\t\t\t\tfont-size: 20px !important;\n\t\t\t\t\t\tcolor : #000000 !important;\n\t\t\t\t\t\tmargin: 10px 0px 10px 0px !important;\n\t\t\t\t\t\tpadding: 10px 0px 10px 0px !important;\n\t\t\t\t\t\tfont-family: 'Roboto Slab' !important;\r\n\tfont-weight: 700 !important;\t\t\t\t\t}\n\t\t\t\t\t#gallery_desc_container_4779 h3\t\t\t\t\t{\n\t\t\t\t\t\tline-height: 1.7 !important;\n\t\t\t\t\t\ttext-align: left !important;\n\t\t\t\t\t\tfont-size: 16px !important;\n\t\t\t\t\t\tcolor : #787D85 !important;\n\t\t\t\t\t\tmargin: 10px 0px 10px 0px !important;\n\t\t\t\t\t\tpadding: 0px 0px 10px 0px !important;\n\t\t\t\t\t\tfont-family: 'Roboto Slab' !important;\r\n\tfont-weight: 300 !important;\n\t\t\t\t\t}\n\t\t\t\t\t.grid_wrapper_item\n\t\t\t\t\t{\n\t\t\t\t\t\tdisplay: inline-block !important;\n\t\t\t\t\t\tvertical-align: top !important;\n\t\t\t\t\t\tmargin: 10px 10px 0px 0px !important;\n\t\t\t\t\t\tpadding: 0px 0px 0px 0px !important;\n\t\t\t\t\t\tbox-shadow: 0px 0px 0px 0px #000000 !important;\n\t\t\t\t\t\t-webkit-box-shadow: 0px 0px 0px 0px #000000 !important;\n\t\t\t\t\t\t-moz-box-shadow: 0px 0px 0px 0px #000000 !important;\n\t\t\t\t\t\toverflow: hidden !important;\n\t\t\t\t\t}\n\t\t\t\t\t#grid_layout_container_4779\t\t\t\t\t{\n\t\t\t\t\t\tclear: both !important;\n\t\t\t\t\t}\n\t\t\t\t\t.grid_item_image_4779\t\t\t\t\t{\n\t\t\t\t\t\topacity: 1 !important;\n\t\t\t\t\t\twidth: 250px !important;\n\t\t\t\t\t\theight: 200px !important;\n\t\t\t\t\t\tbackground-position: center center !important;\n\t\t\t\t\t\toverflow: hidden !important;\n\t\t\t\t\t\tborder: 0px none #000000 !important;\n\t\t\t\t\t\tborder-radius: 0px !important;\n\t\t\t\t\t\t-webkit-border-radius: 0px !important;\n\t\t\t\t\t\t-moz-border-radius: 0px !important;\n\t\t\t\t\t}\n\t\t\t\t\t.grid_item_image_4779 img\n\t\t\t\t\t{\n\t\t\t\t\t\tdisplay: none !important;\n\t\t\t\t\t}\n\t\t\t\t\t.grid_item_image_4779:hover\n\t\t\t\t\t{\n\t\t\t\t\t\ttransition: 1s !important;\n\t\t\t\t\t\ttransform : none !important;\n\t\t\t\t\t\tfilter: none;\n\t\t\t\t\t}\n\t\t\t\t\t.grid_content_item\n\t\t\t\t\t{\n\t\t\t\t\t\twidth: 250px !important;\n\t\t\t\t\t\t\t\t\t\t\t\tbackground: rgba(235,232,235,0.5) !important;\n\t\t\t\t\t\t\t\t\t\t\t}\n\t\t\t\t\t.grid_single_text_title h3\t\t\t\t\t{\n\t\t\t\t\t\tdisplay: block !important;\n\t\t\t\t\t\tline-height: 1.7 !important;\n\t\t\t\t\t\ttext-align: left !important;\n\t\t\t\t\t\tfont-size: 14px !important;\n\t\t\t\t\t\tcolor : #787D85 !important;\n\t\t\t\t\t\tmargin: 0px 5px 0px 5px !important;\n\t\t\t\t\t\tpadding: 10px 10px 10px 10px !important;\n\t\t\t\t\t\tfont-family: 'Roboto Slab' !important;\r\n\tfont-weight: 700 !important;\t\t\t\t\t}\n\t\t\t\t\t.grid_single_text_desc p\t\t\t\t\t{\n\t\t\t\t\t\tdisplay: block !important;\n\t\t\t\t\t\tline-height: 1.7 !important;\n\t\t\t\t\t\ttext-align: left !important;\n\t\t\t\t\t\tfont-size: 12px !important;\n\t\t\t\t\t\tcolor : #787D85 !important;\n\t\t\t\t\t\tmargin: 0px 5px 0px 5px !important;\n\t\t\t\t\t\tpadding: 5px 10px 10px 5px !important;\n\t\t\t\t\t\tfont-family: 'Roboto Slab' !important;\r\n\tfont-weight: 300 !important;\t\t\t\t\t}\n\t\t\t\t\t\t\t\t\t\t.fbx-caption\n\t\t\t\t\t{\n\t\t\t\t\t\ttext-align: left !important;\n\t\t\t\t\t\tborder-bottom-left-radius: 5px !important;\n\t\t\t\t\t\tborder-bottom-right-radius: 5px !important;\n\t\t\t\t\t}\n\t\t\t\t\t.fbx-caption-title h2\t\t\t\t\t{\n\t\t\t\t\t\tline-height: 1.7em !important;\n\t\t\t\t\t\tdisplay: block!important;\n\t\t\t\t\t\ttext-align: left !important;\n\t\t\t\t\t\tfont-size: 16px !important;\n\t\t\t\t\t\tcolor : #ffffff !important;\n\t\t\t\t\t\tmargin: 10px 0px 10px 0px !important;\n\t\t\t\t\t\tpadding: 10px 10px 10px 10px !important;\n\t\t\t\t\t\tfont-family: 'Roboto Slab' !important;\r\n\tfont-weight: 700 !important;\t\t\t\t\t}\n\t\t\t\t\t.fbx-caption-desc h3\t\t\t\t\t{\n\t\t\t\t\t\tline-height: 1.7em !important;\n\t\t\t\t\t\tdisplay: block!important;\n\t\t\t\t\t\ttext-align: left !important;\n\t\t\t\t\t\tfont-size: 14px !important;\n\t\t\t\t\t\tcolor : #ffffff !important;\n\t\t\t\t\t\tmargin: 5px 0px 5px 0px !important;\n\t\t\t\t\t\tpadding: 20px 10px 10px 10px !important;\n\t\t\t\t\t\tfont-family: 'Roboto Slab' !important;\r\n\tfont-weight: 300 !important;\t\t\t\t\t}\n\t\t\t\t\t.fbx-modal\n\t\t\t\t\t{\n\t\t\t\t\t\t\t\t\t\t\tbackground-color: rgba(0,0,0,0.75) !important;\n\t\t\t\t\t\t\t\t\t\t\t}\n\t\t\t\t\t.fbx-inner\n\t\t\t\t\t{\n\t\t\t\t\t\tborder: 5px solid #ffffff !important;\n\t\t\t\t\t\t-webkit-border-radius: 5px !important;\n\t\t\t\t\t\t-moz-border-radius: 5px !important;\n\t\t\t\t\t\tborder-radius: 5px !important;\n\t\t\t\t\t}\n\t\t\t\t\t.fbx-item-image\n\t\t\t\t\t{\n\t\t\t\t\t\t-webkit-border-radius: 5px !important;\n\t\t\t\t\t\t-moz-border-radius: 5px !important;\n\t\t\t\t\t\tborder-radius: 5px !important;\n\t\t\t\t\t}\n\t\t\t\t\t\t<\/style>\n\t\t\t\t\t\t<div id=\"gallery_title_container_4779\" class=\"gallery_title_container\">\n\t\t\t\t\t\t<h2>\n\t\t\t\t\t\tBa\u00f1o mascotas\t\t\t\t\t\t<\/h2>\n\t\t\t\t\t<\/div>\n\t\t\t\t\t<script type=\"text\/javascript\">\n\tvar ajaxurl = \"https:\/\/reservadesanfelipe.com\/wp-admin\/admin-ajax.php\";\n\tvar global_options_right_click_protection = \"disable\";\n\tvar animation_effect = \"fadeIn\";\n\tif (typeof (call_gallery_bank_layout_type_4779) !== \"function\")\n\t{\n\t\t\/**\n\t\t* This function is used for Layouts.\n\t\t*\n\t\t*@param string layout_type .\n\t\t*\/\n\t\tfunction call_gallery_bank_layout_type_4779()\n\t\t{\n\t\t\t\t\t}\n\t}\n\tif (typeof (call_gallery_bank_lightbox_4779) !== \"function\")\n\t{\n\t\t\/**\n\t\t* This function is used for Lightboxes.\n\t\t*\n\t\t* @param string lightbox_type .\n\t\t*\n\t\t*\/\n\t\tfunction call_gallery_bank_lightbox_4779(lightbox_type)\n\t\t{\n\t\t\tswitch (lightbox_type)\n\t\t\t{\n\t\t\t\tcase \"foo_box_free_edition\":\n\t\t\t\t\t\t\t\t\t\t\tvar showCount_settings = true;\n\t\t\t\t\t\tvar closeOnOverlayClick = false;\n\t\t\t\t\t\tvar hideScrollbars = false;\n\t\t\t\t\t\tvar onlyShowOnHover = false;\n\t\t\t\t\t\t(function (FOOBOX, $)\n\t\t\t\t\t\t{\n\t\t\t\t\t\t\tFOOBOX.init = function () {\n\t\t\t\t\t\t\t\tFOOBOX.o = {\n\t\t\t\t\t\t\t\t\tshowCount: showCount_settings,\n\t\t\t\t\t\t\t\t\tcloseOnOverlayClick: closeOnOverlayClick,\n\t\t\t\t\t\t\t\t\thideScrollbars: hideScrollbars,\n\t\t\t\t\t\t\t\t\tcaptions:\n\t\t\t\t\t\t\t\t\t{\n\t\t\t\t\t\t\t\t\t\tonlyShowOnHover: onlyShowOnHover,\n\t\t\t\t\t\t\t\t\t\toverrideTitle: true,\n\t\t\t\t\t\t\t\t\t\ttitleSource: 'anchor',\n\t\t\t\t\t\t\t\t\t\toverrideDesc: true,\n\t\t\t\t\t\t\t\t\t\tdescSource: 'anchor'\n\t\t\t\t\t\t\t\t\t}\n\t\t\t\t\t\t\t\t};\n\t\t\t\t\t\t\t\tjQuery(\".foobox\").foobox(FOOBOX.o);\n\t\t\t\t\t\t\t};\n\t\t\t\t\t\t}(window.FOOBOX = window.FOOBOX || {}, jQuery));\n\t\t\t\t\t\tjQuery(function ($)\n\t\t\t\t\t\t{\n\t\t\t\t\t\t\tFOOBOX.init();\n\t\t\t\t\t\t\tjQuery(\".fbx-instance\").on(\"foobox.afterLoad\", function (e)\n\t\t\t\t\t\t\t{\n\t\t\t\t\t\t\t});\n\t\t\t\t\t\t});\n\t\t\t\t\t\t\t\t\tbreak;\n\t\t\t\t}\n\t\t\t}\n\t\t}\n\t\tjQuery(document).ready(function ()\n\t\t{\n\t\t\tif (animation_effect !== \"none\")\n\t\t\t{\n\t\t\t\tjQuery(\".gb_animate\").scrolla_gb();\n\t\t\t}\n\t\t\t\tif (global_options_right_click_protection === \"enable\") {\n\t\t\t\t\tjQuery(\"#gallery_bank_main_container_4779\").on(\"contextmenu\", function (e)\n\t\t\t\t\t{\n\t\t\t\t\t\treturn false;\n\t\t\t\t\t});\n\t\t\t\t}\n\t\t\t\tcall_gallery_bank_layout_type_4779();\n\t\t\t\tcall_gallery_bank_lightbox_4779(\"foo_box_free_edition\");\n});\n<\/script>\n\t\t\t\t<div id=\"grid_layout_container_4779\">\n\t\t\t\t\t<div id=\"control_container_4779\" class=\"grid_layout_container\">\n\t\t\t\t\t<div id=\"grid_wrapper_item_4779_26\" class=\"grid_wrapper_item gb_animate\"  data-animate=\"fadeIn\" data-duration=\"1.0s\" data-delay=\"0.1s\" data-offset=\"100\">\n\t\t\t\t\t\t\t\t\t\t\t\t<a href=\"http:\/\/reservadesanfelipe.com\/wp-content\/gallery-bank\/original-images\/o_1aoqa2iuu15m7te01rvcekm1i9a.jpg\" class=\"foobox\" target=\"\" rel=\"foobox_gallery_4779\">\n\t\t\t\t\t\t\t\t\t\t\t\t\t<div id=\"grid_item_image_4779_26\" class=\"grid_item_image_4779 \" style=\"background:url('http:\/\/reservadesanfelipe.com\/wp-content\/gallery-bank\/thumbs-non-cropped\/o_1aoqa2iuu15m7te01rvcekm1i9a.jpg');background-size:100% 100% !important;\">\n\t\t\t\t\t<img decoding=\"async\" src=\"http:\/\/reservadesanfelipe.com\/wp-content\/gallery-bank\/thumbs-non-cropped\/o_1aoqa2iuu15m7te01rvcekm1i9a.jpg\" image_full_path=\"image\" alt=\"\" id=\"ux_gb_file\" name= \"ux_gb_file_4779_26\"\/>\n\t\t\t\t<\/div>\n\t\t\t<\/a>\n\t\t\t\t\t<\/div>\n\t\t\t\t\t\t<div id=\"grid_wrapper_item_4779_27\" class=\"grid_wrapper_item gb_animate\"  data-animate=\"fadeIn\" data-duration=\"1.0s\" data-delay=\"0.1s\" data-offset=\"100\">\n\t\t\t\t\t\t\t\t\t\t\t\t<a href=\"http:\/\/reservadesanfelipe.com\/wp-content\/gallery-bank\/original-images\/o_1aoq41sd1865185r17ph104qv8ge.jpg\" class=\"foobox\" target=\"\" rel=\"foobox_gallery_4779\" data-caption-desc=\"&lt;h3&gt;Creaci\u00f3n ba\u00f1o de mascotas. con el fin de educar a los due\u00f1os de las mascotas.&lt;\/h3&gt;\">\n\t\t\t\t\t\t\t\t\t\t\t\t\t\t\t<div id=\"grid_item_image_4779_27\" class=\"grid_item_image_4779 \" style=\"background:url('http:\/\/reservadesanfelipe.com\/wp-content\/gallery-bank\/thumbs-non-cropped\/o_1aoq41sd1865185r17ph104qv8ge.jpg');background-size:100% 100% !important;\">\n\t\t\t\t\t<img decoding=\"async\" src=\"http:\/\/reservadesanfelipe.com\/wp-content\/gallery-bank\/thumbs-non-cropped\/o_1aoq41sd1865185r17ph104qv8ge.jpg\" image_full_path=\"image\" alt=\"\" id=\"ux_gb_file\" name= \"ux_gb_file_4779_27\"\/>\n\t\t\t\t<\/div>\n\t\t\t<\/a>\n\t\t\t\t\t\t\t<div id=\"grid_content_item\" class=\"grid_content_item\">\n\t\t\t\t\t\t\t\t\t<\/div>\n\t\t\t\t\t\t<\/div>\n\t\t\t\t\t\t<div id=\"grid_wrapper_item_4779_28\" class=\"grid_wrapper_item gb_animate\"  data-animate=\"fadeIn\" data-duration=\"1.0s\" data-delay=\"0.1s\" data-offset=\"100\">\n\t\t\t\t\t\t\t\t\t\t\t\t<a href=\"http:\/\/reservadesanfelipe.com\/wp-content\/gallery-bank\/original-images\/o_1aoq41sd1sor1d5b1ngt1qd815e7f.jpg\" class=\"foobox\" target=\"\" rel=\"foobox_gallery_4779\" data-caption-desc=\"&lt;h3&gt;Gracias a la colaboraci\u00f3n recibida por la comunidad&lt;\/h3&gt;\">\n\t\t\t\t\t\t\t\t\t\t\t\t\t\t\t<div id=\"grid_item_image_4779_28\" class=\"grid_item_image_4779 \" style=\"background:url('http:\/\/reservadesanfelipe.com\/wp-content\/gallery-bank\/thumbs-non-cropped\/o_1aoq41sd1sor1d5b1ngt1qd815e7f.jpg');background-size:100% 100% !important;\">\n\t\t\t\t\t<img decoding=\"async\" src=\"http:\/\/reservadesanfelipe.com\/wp-content\/gallery-bank\/thumbs-non-cropped\/o_1aoq41sd1sor1d5b1ngt1qd815e7f.jpg\" image_full_path=\"image\" alt=\"\" id=\"ux_gb_file\" name= \"ux_gb_file_4779_28\"\/>\n\t\t\t\t<\/div>\n\t\t\t<\/a>\n\t\t\t\t\t\t\t<div id=\"grid_content_item\" class=\"grid_content_item\">\n\t\t\t\t\t\t\t\t\t<\/div>\n\t\t\t\t\t\t<\/div>\n\t\t\t\t\t\t<div id=\"grid_wrapper_item_4779_29\" class=\"grid_wrapper_item gb_animate\"  data-animate=\"fadeIn\" data-duration=\"1.0s\" data-delay=\"0.1s\" data-offset=\"100\">\n\t\t\t\t\t\t\t\t\t\t\t\t<a href=\"http:\/\/reservadesanfelipe.com\/wp-content\/gallery-bank\/original-images\/o_1aoq41sd2gel1ov111c931t3k2g.jpg\" class=\"foobox\" target=\"\" rel=\"foobox_gallery_4779\" data-caption-desc=\"&lt;h3&gt;Con el deseo de lograr educar y concientizar a la comunidad en cuanto a la tenencia e higiene para con las mascotas se construy\u00f3 el Ba\u00f1o de mascotas&lt;\/h3&gt;\">\n\t\t\t\t\t\t\t\t\t\t\t\t\t\t\t<div id=\"grid_item_image_4779_29\" class=\"grid_item_image_4779 \" style=\"background:url('http:\/\/reservadesanfelipe.com\/wp-content\/gallery-bank\/thumbs-non-cropped\/o_1aoq41sd2gel1ov111c931t3k2g.jpg');background-size:100% 100% !important;\">\n\t\t\t\t\t<img decoding=\"async\" src=\"http:\/\/reservadesanfelipe.com\/wp-content\/gallery-bank\/thumbs-non-cropped\/o_1aoq41sd2gel1ov111c931t3k2g.jpg\" image_full_path=\"image\" alt=\"\" id=\"ux_gb_file\" name= \"ux_gb_file_4779_29\"\/>\n\t\t\t\t<\/div>\n\t\t\t<\/a>\n\t\t\t\t\t\t\t<div id=\"grid_content_item\" class=\"grid_content_item\">\n\t\t\t\t\t\t\t\t\t<\/div>\n\t\t\t\t\t\t<\/div>\n\t\t\t\t\t\t<div id=\"grid_wrapper_item_4779_30\" class=\"grid_wrapper_item gb_animate\"  data-animate=\"fadeIn\" data-duration=\"1.0s\" data-delay=\"0.1s\" data-offset=\"100\">\n\t\t\t\t\t\t\t\t\t\t\t\t<a href=\"http:\/\/reservadesanfelipe.com\/wp-content\/gallery-bank\/original-images\/o_1aoq41sd27erupe19q419u617o4h.jpg\" class=\"foobox\" target=\"\" rel=\"foobox_gallery_4779\">\n\t\t\t\t\t\t\t\t\t\t\t\t\t<div id=\"grid_item_image_4779_30\" class=\"grid_item_image_4779 \" style=\"background:url('http:\/\/reservadesanfelipe.com\/wp-content\/gallery-bank\/thumbs-non-cropped\/o_1aoq41sd27erupe19q419u617o4h.jpg');background-size:100% 100% !important;\">\n\t\t\t\t\t<img decoding=\"async\" src=\"http:\/\/reservadesanfelipe.com\/wp-content\/gallery-bank\/thumbs-non-cropped\/o_1aoq41sd27erupe19q419u617o4h.jpg\" image_full_path=\"image\" alt=\"\" id=\"ux_gb_file\" name= \"ux_gb_file_4779_30\"\/>\n\t\t\t\t<\/div>\n\t\t\t<\/a>\n\t\t\t\t\t<\/div>\n\t\t\t\t\t\t<div id=\"grid_wrapper_item_4779_31\" class=\"grid_wrapper_item gb_animate\"  data-animate=\"fadeIn\" data-duration=\"1.0s\" data-delay=\"0.1s\" data-offset=\"100\">\n\t\t\t\t\t\t\t\t\t\t\t\t<a href=\"http:\/\/reservadesanfelipe.com\/wp-content\/gallery-bank\/original-images\/o_1aoq41sd21jj5h3dfotp7i1f43i.jpg\" class=\"foobox\" target=\"\" rel=\"foobox_gallery_4779\">\n\t\t\t\t\t\t\t\t\t\t\t\t\t<div id=\"grid_item_image_4779_31\" class=\"grid_item_image_4779 \" style=\"background:url('http:\/\/reservadesanfelipe.com\/wp-content\/gallery-bank\/thumbs-non-cropped\/o_1aoq41sd21jj5h3dfotp7i1f43i.jpg');background-size:100% 100% !important;\">\n\t\t\t\t\t<img decoding=\"async\" src=\"http:\/\/reservadesanfelipe.com\/wp-content\/gallery-bank\/thumbs-non-cropped\/o_1aoq41sd21jj5h3dfotp7i1f43i.jpg\" image_full_path=\"image\" alt=\"\" id=\"ux_gb_file\" name= \"ux_gb_file_4779_31\"\/>\n\t\t\t\t<\/div>\n\t\t\t<\/a>\n\t\t\t\t\t<\/div>\n\t\t\t<\/div>\n\t\t<\/div>\n\t<\/div>\n<\/div>\n\n<p>DIA DE LA FAMILIA<\/p>\nngg_shortcode_0_placeholder\n<hr>\n","protected":false},"excerpt":{"rendered":"<p>DIA DE LA FAMILIA<\/p>\n","protected":false},"author":1,"featured_media":0,"parent":0,"menu_order":0,"comment_status":"closed","ping_status":"closed","template":"","meta":{"ngg_post_thumbnail":0,"footnotes":""},"class_list":["post-31","page","type-page","status-publish","hentry"],"_links":{"self":[{"href":"https:\/\/reservadesanfelipe.com\/index.php?rest_route=\/wp\/v2\/pages\/31","targetHints":{"allow":["GET"]}}],"collection":[{"href":"https:\/\/reservadesanfelipe.com\/index.php?rest_route=\/wp\/v2\/pages"}],"about":[{"href":"https:\/\/reservadesanfelipe.com\/index.php?rest_route=\/wp\/v2\/types\/page"}],"author":[{"embeddable":true,"href":"https:\/\/reservadesanfelipe.com\/index.php?rest_route=\/wp\/v2\/users\/1"}],"replies":[{"embeddable":true,"href":"https:\/\/reservadesanfelipe.com\/index.php?rest_route=%2Fwp%2Fv2%2Fcomments&post=31"}],"version-history":[{"count":8,"href":"https:\/\/reservadesanfelipe.com\/index.php?rest_route=\/wp\/v2\/pages\/31\/revisions"}],"predecessor-version":[{"id":398,"href":"https:\/\/reservadesanfelipe.com\/index.php?rest_route=\/wp\/v2\/pages\/31\/revisions\/398"}],"wp:attachment":[{"href":"https:\/\/reservadesanfelipe.com\/index.php?rest_route=%2Fwp%2Fv2%2Fmedia&parent=31"}],"curies":[{"name":"wp","href":"https:\/\/api.w.org\/{rel}","templated":true}]}}