{"id":44,"date":"2015-06-16T16:01:18","date_gmt":"2015-06-16T16:01:18","guid":{"rendered":"http:\/\/reservadesanfelipe.com\/?page_id=44"},"modified":"2022-12-21T21:49:56","modified_gmt":"2022-12-21T21:49:56","slug":"la-administracion","status":"publish","type":"page","link":"https:\/\/reservadesanfelipe.com\/?page_id=44","title":{"rendered":"La Administraci\u00f3n"},"content":{"rendered":"<p><strong>Jenny C. Becerra M.<\/strong><br \/>\n<strong>Representante Legal y administradora<\/strong><\/p>\n<p>ADMINISTRACI\u00d3N: 392 08 36<\/p>\n<p>PORTER\u00cdA: 496 84 28<\/p>\n<p>CIT\u00d3FONO: 3441393<\/p>\n<h4>HORARIO DE ADMINISTRACI\u00d3N<\/h4>\n<p>Lunes y viernes 9:30 AM a 1:00 PM<br \/>\n(presencial y asistente )<br \/>\nMartes y jueves  4:00 PM a 8:00 PM (virtual)<br \/>\nMi\u00e9rcoles de 10:30am a 8:00pm (presencial administradora).<\/p>\n<h4>HORARIO SHUT DE BASURAS<\/h4>\n<p>Martes &#8211; Jueves &#8211; S\u00e1bados <\/p>\n<div>DE : 4:00 A.M. A 5:00 P.M.<\/div>\n<h1 style=\"text-align: center;\">&nbsp;<\/h1>\n<p>&nbsp;<\/p>\n","protected":false},"excerpt":{"rendered":"<p>Jenny C. Becerra M. Representante Legal y administradora ADMINISTRACI\u00d3N: 392 08 36 PORTER\u00cdA: 496 84 28 CIT\u00d3FONO: 3441393 HORARIO DE ADMINISTRACI\u00d3N Lunes y viernes 9:30 AM a 1:00 PM (presencial <a class=\"more-link\" href=\"https:\/\/reservadesanfelipe.com\/?page_id=44\">Continue Reading \u2192<\/a><\/p>\n","protected":false},"author":1,"featured_media":0,"parent":0,"menu_order":0,"comment_status":"closed","ping_status":"closed","template":"","meta":{"ngg_post_thumbnail":0,"footnotes":""},"class_list":["post-44","page","type-page","status-publish","hentry"],"_links":{"self":[{"href":"https:\/\/reservadesanfelipe.com\/index.php?rest_route=\/wp\/v2\/pages\/44","targetHints":{"allow":["GET"]}}],"collection":[{"href":"https:\/\/reservadesanfelipe.com\/index.php?rest_route=\/wp\/v2\/pages"}],"about":[{"href":"https:\/\/reservadesanfelipe.com\/index.php?rest_route=\/wp\/v2\/types\/page"}],"author":[{"embeddable":true,"href":"https:\/\/reservadesanfelipe.com\/index.php?rest_route=\/wp\/v2\/users\/1"}],"replies":[{"embeddable":true,"href":"https:\/\/reservadesanfelipe.com\/index.php?rest_route=%2Fwp%2Fv2%2Fcomments&post=44"}],"version-history":[{"count":16,"href":"https:\/\/reservadesanfelipe.com\/index.php?rest_route=\/wp\/v2\/pages\/44\/revisions"}],"predecessor-version":[{"id":977,"href":"https:\/\/reservadesanfelipe.com\/index.php?rest_route=\/wp\/v2\/pages\/44\/revisions\/977"}],"wp:attachment":[{"href":"https:\/\/reservadesanfelipe.com\/index.php?rest_route=%2Fwp%2Fv2%2Fmedia&parent=44"}],"curies":[{"name":"wp","href":"https:\/\/api.w.org\/{rel}","templated":true}]}}